{"id":1360,"date":"2021-03-26T17:56:29","date_gmt":"2021-03-26T16:56:29","guid":{"rendered":"https:\/\/tomil.de\/fotoshopwp\/?page_id=1360"},"modified":"2021-03-27T13:18:01","modified_gmt":"2021-03-27T12:18:01","slug":"stadtmauer1","status":"publish","type":"page","link":"https:\/\/tomil.de\/fotoshopwp\/stadtmauer1\/","title":{"rendered":"Stadtmauer"},"content":{"rendered":"\n<style type=\"text\/css\" data-created_by=\"avia_inline_auto\" id=\"style-css-av-k1ufzph2-6327953b57b3f01d1be9ed4457e27d47\">\n.flex_column.av-k1ufzph2-6327953b57b3f01d1be9ed4457e27d47{\n-webkit-border-radius:0px 0px 0px 0px;\n-moz-border-radius:0px 0px 0px 0px;\nborder-radius:0px 0px 0px 0px;\n}\n<\/style>\n<div class='flex_column av-k1ufzph2-6327953b57b3f01d1be9ed4457e27d47 av_two_third  avia-builder-el-0  el_before_av_one_third  avia-builder-el-first  first flex_column_div av-zero-column-padding '     ><style type=\"text\/css\" data-created_by=\"avia_inline_auto\" id=\"style-css-av-k1ugbf79-61c1e94a00cd367c5f7f625057227fa9\">\n.avia-image-container.av-k1ugbf79-61c1e94a00cd367c5f7f625057227fa9 img.avia_image{\nbox-shadow:none;\n}\n.avia-image-container.av-k1ugbf79-61c1e94a00cd367c5f7f625057227fa9 .av-image-caption-overlay-center{\ncolor:#ffffff;\n}\n<\/style>\n<div  class='avia-image-container av-k1ugbf79-61c1e94a00cd367c5f7f625057227fa9 av-styling- avia-align-left  avia-builder-el-1  avia-builder-el-no-sibling '   itemprop=\"image\" itemscope=\"itemscope\" itemtype=\"https:\/\/schema.org\/ImageObject\" ><div class=\"avia-image-container-inner\"><div class=\"avia-image-overlay-wrap\"><img decoding=\"async\" class='wp-image-879 avia-img-lazy-loading-not-879 avia_image ' src=\"https:\/\/tomil.de\/fotoshopwp\/wp-content\/uploads\/2019\/10\/riehm-049-Bearbeitet-2.jpg\" alt='' title='Stadtmauer - Waisenhausring 10-12'  height=\"598\" width=\"800\"  itemprop=\"thumbnailUrl\" srcset=\"https:\/\/tomil.de\/fotoshopwp\/wp-content\/uploads\/2019\/10\/riehm-049-Bearbeitet-2.jpg 800w, https:\/\/tomil.de\/fotoshopwp\/wp-content\/uploads\/2019\/10\/riehm-049-Bearbeitet-2-600x449.jpg 600w, https:\/\/tomil.de\/fotoshopwp\/wp-content\/uploads\/2019\/10\/riehm-049-Bearbeitet-2-300x224.jpg 300w, https:\/\/tomil.de\/fotoshopwp\/wp-content\/uploads\/2019\/10\/riehm-049-Bearbeitet-2-705x527.jpg 705w\" sizes=\"(max-width: 800px) 100vw, 800px\" \/><\/div><\/div><\/div><\/div>\n\n<style type=\"text\/css\" data-created_by=\"avia_inline_auto\" id=\"style-css-av-l9idd-88a30af2fe9199df6d380d2eb7315b6c\">\n.flex_column.av-l9idd-88a30af2fe9199df6d380d2eb7315b6c{\n-webkit-border-radius:0px 0px 0px 0px;\n-moz-border-radius:0px 0px 0px 0px;\nborder-radius:0px 0px 0px 0px;\n}\n<\/style>\n<div class='flex_column av-l9idd-88a30af2fe9199df6d380d2eb7315b6c av_one_third  avia-builder-el-2  el_after_av_two_third  el_before_av_one_full  flex_column_div av-zero-column-padding '     ><p><section  class='av_textblock_section av-k1un2w6w-e5cc5df0edceb1bd9396a64d0df1004d'  itemscope=\"itemscope\" itemtype=\"https:\/\/schema.org\/CreativeWork\" ><div class='avia_textblock'  itemprop=\"text\" ><p><strong>Motivinformationen<\/strong><\/p>\n<p><strong>Titel: <\/strong>Stadtmauer<\/p>\n<p>Standort 51\u00b0 28\u2019 44.184\u201d N, 11\u00b0 58\u2019 25.421\u201d O<\/p>\n<ol start=\"13\">\n<li>\u2013 15. Jahrhundert als Bruchsteinmauerwerk errichtet<br \/>\nHistorische Aufnahme von Gottfried Riehm , 1890 \u2013 1920<br \/>\nDigitalisat<br \/>\nStadtarchiv Halle<br \/>\nSignatur: Riehm 049<\/li>\n<\/ol>\n<p>eigene Aufnahme: 2019<\/p>\n<p><strong>Gr\u00f6\u00dfe des Druckes:<\/strong> 54 x 40 cm<\/p>\n<p><strong>Rahmung:<\/strong><\/p>\n<ul>\n<li>Nielsen C2 Alu strukturiert schwarz-matt<\/li>\n<li>Format 71 x 56 cm<\/li>\n<li><u>Glas entspiegelt und mit UV-Schutz<\/u><\/li>\n<li>Passepartoutmappe altwei\u00df<\/li>\n<\/ul>\n<p><strong>Auflage:<\/strong> 5<\/p>\n<\/div><\/section><br \/>\n\n<style type=\"text\/css\" data-created_by=\"avia_inline_auto\" id=\"style-css-av-k1up7k66-378ae7fb3dbacf8513e8ca100ad5b0fd\">\n.avia-progress-bar-container.av-k1up7k66-378ae7fb3dbacf8513e8ca100ad5b0fd .progress{\nheight:10px;\n}\n<\/style>\n\n<style type=\"text\/css\" data-created_by=\"avia_inline_auto\" id=\"style-css-sub-av-k1up7k66-378ae7fb3dbacf8513e8ca100ad5b0fd\">\n#top .avia-progress-bar-container .avia-progress-bar.av-9jsdx-3a2a64dcad09c4df15484174d23c41dd .bar{\nwidth:100%;\n}\n<\/style>\n<div  class='avia-progress-bar-container av-k1up7k66-378ae7fb3dbacf8513e8ca100ad5b0fd av-striped-bar av-animated-bar av-small-bar avia_animate_when_almost_visible  avia-builder-el-4  el_after_av_textblock  el_before_av_button '><div class='avia-progress-bar av-9jsdx-3a2a64dcad09c4df15484174d23c41dd icon-bar-yes theme-color-bar theme-color-bar icon-bar-yes'><div class=\"progressbar-title-wrap\"><div class='progressbar-icon'><span class='progressbar-char' aria-hidden='true' data-av_icon='\ue909' data-av_iconfont='entypo-fontello'><\/span><\/div><div class='progressbar-title'>Verf\u00fcgbar<\/div><\/div><div class=\"progress\"><div class=\"bar-outer\"><div class='bar' data-progress='100'><\/div><\/div><\/div><\/div><\/div><br \/>\n<div  class='avia-button-wrap av-k28w0eon-bfcea5a2fb231292cdf0ffe434e6f111-wrap avia-button-left  avia-builder-el-5  el_after_av_progress  avia-builder-el-last ' ><a href='http:\/\/tomil.de\/fotoshopwp\/kontakt-2\/'  class='avia-button av-k28w0eon-bfcea5a2fb231292cdf0ffe434e6f111 avia-icon_select-no avia-size-small avia-position-left avia-color-theme-color'  target=\"_blank\"  rel=\"noopener noreferrer\"><span class='avia_iconbox_title' >Anfrage<\/span><\/a><\/div><\/p><\/div>\n\n<style type=\"text\/css\" data-created_by=\"avia_inline_auto\" id=\"style-css-av-143eh-fb1f7bd0ea29f5d7bfc55003a038e2f5\">\n.flex_column.av-143eh-fb1f7bd0ea29f5d7bfc55003a038e2f5{\n-webkit-border-radius:0px 0px 0px 0px;\n-moz-border-radius:0px 0px 0px 0px;\nborder-radius:0px 0px 0px 0px;\n}\n<\/style>\n<div class='flex_column av-143eh-fb1f7bd0ea29f5d7bfc55003a038e2f5 av_one_full  avia-builder-el-6  el_after_av_one_third  el_before_av_hr  first flex_column_div av-zero-column-padding column-top-margin'     ><section  class='av_textblock_section av-k1uji67x-b71eccc3db8f7adb60b2601b0f0d9464'  itemscope=\"itemscope\" itemtype=\"https:\/\/schema.org\/CreativeWork\" ><div class='avia_textblock'  itemprop=\"text\" ><p>[multicolumn]<strong>Stadtmauer<\/strong><br \/>\nWaisenhausring 10 \u2013 12<\/p>\n<p>Am Ende des 13. Jahrhunderts war Halle von einer geschlossenen Stadtmauer umgeben. Diese war gepr\u00e4gt von etwa 40 Wehr- und Wacht\u00fcrmen sowie sechs Stadttoren (Ulrichstor, Steintor, Galgtor, Rannisches Tor, Moritztor, Klaustor).<br \/>\nTrotz der Bem\u00fchungen Karl Friedrich Schinkels (1781 \u2013 1841) um den Erhalt der Stadtmauer, wurden unter dem B\u00fcrgermeister Karl Ferdinand Mellin (1780 \u2013 1855) die Befestigungsanlagen zwischen 1815 und 1874 sukzessive abgetragen und durch die Anlage von Ringstra\u00dfen und deren Bebauung ersetzt. Nur wenige Reste, wie hier am<br \/>\nWaisenhausring, am Hallorenring und der Leipziger Turm (p Kat. 9) haben die Zeit \u00fcberdauert.<br \/>\nDer etwa 50 Meter lange Mauerrest hat eine H\u00f6he von ca. sieben Metern. Au\u00dferdem hat sich hier ein m\u00e4chtiger Schalenturm erhalten. Das im 18. Jahrhundert errichtete und die Mauer \u00fcberbauende Fachwerkhaus mit drei Geschossen, deutet darauf hin, dass die Funktion der Stadtbefestigung bereits damals wesentlich an Bedeutung verloren hatte.<br \/>\nDer l\u00e4ngst erloschene, hier noch rauchende Schornstein geh\u00f6rte zu dem Kohle-Produktions- und Speditionsgesch\u00e4ft Klinkhardt &#038; Schreiber.<br \/>\n[\/multicolumn]<\/p>\n<\/div><\/section><\/div>\n<div  class='hr av-279oj4-dbdebeb443c99b7410b8fc802cc7ddd8 hr-default  avia-builder-el-8  el_after_av_one_full  el_before_av_textblock '><span class='hr-inner '><span class=\"hr-inner-style\"><\/span><\/span><\/div>\n<section  class='av_textblock_section av-kmqjpct2-0327eb4d496f49af8a155e741ad34459'  itemscope=\"itemscope\" itemtype=\"https:\/\/schema.org\/CreativeWork\" ><div class='avia_textblock'  itemprop=\"text\" ><div id=\"s201_slides-2-1\" class=\"s201_slides s201_slides-2 s201_full_width\" data-s201=\"{&quot;vertical&quot;:0,&quot;sliding_behavior&quot;:&quot;drag&quot;,&quot;auto_slide&quot;:true,&quot;slide_speed&quot;:6000,&quot;slide_delay&quot;:500}\">\r\n\t\t<div class=\"s201_holder s201_slide_active\" data-part=\"holder\">\r\n\t\t\t<img decoding=\"async\" src=\"https:\/\/tomil.de\/fotoshopwp\/wp-content\/uploads\/2021\/03\/after-1.jpg\" srcset=\"https:\/\/tomil.de\/fotoshopwp\/wp-content\/uploads\/2021\/03\/after-1-300x219.jpg 300w, https:\/\/tomil.de\/fotoshopwp\/wp-content\/uploads\/2021\/03\/after-1-1030x751.jpg 1030w, https:\/\/tomil.de\/fotoshopwp\/wp-content\/uploads\/2021\/03\/after-1-1536x1120.jpg 1536w, https:\/\/tomil.de\/fotoshopwp\/wp-content\/uploads\/2021\/03\/after-1-1500x1094.jpg 1500w, https:\/\/tomil.de\/fotoshopwp\/wp-content\/uploads\/2021\/03\/after-1-705x514.jpg 705w, https:\/\/tomil.de\/fotoshopwp\/wp-content\/uploads\/2021\/03\/after-1-600x437.jpg 600w, https:\/\/tomil.de\/fotoshopwp\/wp-content\/uploads\/2021\/03\/after-1.jpg 1916w\" sizes=\"(max-width: 1916px) 100vw, 1916px\" alt=\"2019\" class=\"s201_img_holder s201_noselect\"\/><div class=\"s201_item_img s201_noselect\"><div class=\"s201_overlay_img\" style=\"background-image:url('https:\/\/tomil.de\/fotoshopwp\/wp-content\/uploads\/2021\/03\/after-1.jpg')\"><img decoding=\"async\" src=\"https:\/\/tomil.de\/fotoshopwp\/wp-content\/uploads\/2021\/03\/after-1.jpg\" srcset=\"https:\/\/tomil.de\/fotoshopwp\/wp-content\/uploads\/2021\/03\/after-1-300x219.jpg 300w, https:\/\/tomil.de\/fotoshopwp\/wp-content\/uploads\/2021\/03\/after-1-1030x751.jpg 1030w, https:\/\/tomil.de\/fotoshopwp\/wp-content\/uploads\/2021\/03\/after-1-1536x1120.jpg 1536w, https:\/\/tomil.de\/fotoshopwp\/wp-content\/uploads\/2021\/03\/after-1-1500x1094.jpg 1500w, https:\/\/tomil.de\/fotoshopwp\/wp-content\/uploads\/2021\/03\/after-1-705x514.jpg 705w, https:\/\/tomil.de\/fotoshopwp\/wp-content\/uploads\/2021\/03\/after-1-600x437.jpg 600w, https:\/\/tomil.de\/fotoshopwp\/wp-content\/uploads\/2021\/03\/after-1.jpg 1916w\" sizes=\"(max-width: 1916px) 100vw, 1916px\" alt=\"2019\" class=\"s201_noselect\"\/><\/div><div class=\"s201_label_text s201_noselect s201_always_show\" data-part=\"label\">2019<\/div><\/div><div class=\"s201_item_img s201_noselect\" style=\"width:50%;\"><div class=\"s201_overlay_img\" style=\"background-image:url('https:\/\/tomil.de\/fotoshopwp\/wp-content\/uploads\/2021\/03\/before-1.jpg')\"><img decoding=\"async\" src=\"https:\/\/tomil.de\/fotoshopwp\/wp-content\/uploads\/2021\/03\/before-1.jpg\" srcset=\"https:\/\/tomil.de\/fotoshopwp\/wp-content\/uploads\/2021\/03\/before-1-300x219.jpg 300w, https:\/\/tomil.de\/fotoshopwp\/wp-content\/uploads\/2021\/03\/before-1-1030x751.jpg 1030w, https:\/\/tomil.de\/fotoshopwp\/wp-content\/uploads\/2021\/03\/before-1-1536x1120.jpg 1536w, https:\/\/tomil.de\/fotoshopwp\/wp-content\/uploads\/2021\/03\/before-1-1500x1094.jpg 1500w, https:\/\/tomil.de\/fotoshopwp\/wp-content\/uploads\/2021\/03\/before-1-705x514.jpg 705w, https:\/\/tomil.de\/fotoshopwp\/wp-content\/uploads\/2021\/03\/before-1-600x437.jpg 600w, https:\/\/tomil.de\/fotoshopwp\/wp-content\/uploads\/2021\/03\/before-1.jpg 1916w\" sizes=\"(max-width: 1916px) 100vw, 1916px\" alt=\"um 1900\" class=\"s201_noselect\"\/><\/div><div class=\"s201_label_text s201_noselect s201_always_show\" data-part=\"label\">um 1900<\/div>\r\n\t\t\t\t\t\t\t<div class=\"s201_slider s201_style_1\" style=\"top:50%;\"><div class=\"s201_top_line\"><\/div><div class=\"s201_handle\"><div class=\"s201_left_arrow\"><\/div><div class=\"s201_right_arrow\"><\/div><\/div><div class=\"s201_bottom_line\"><\/div><\/div>\r\n\t\t\t\t\t\t<\/div>\t\t\t\t\t<\/div>\r\n\t\t<\/div>\n<\/div><\/section>\n ","protected":false},"excerpt":{"rendered":"","protected":false},"author":1,"featured_media":0,"parent":0,"menu_order":0,"comment_status":"closed","ping_status":"closed","template":"template-blank.php","meta":{"jetpack_post_was_ever_published":false,"footnotes":""},"aioseo_notices":[],"jetpack_sharing_enabled":false,"jetpack_shortlink":"https:\/\/wp.me\/Pb03Dh-lW","_links":{"self":[{"href":"https:\/\/tomil.de\/fotoshopwp\/wp-json\/wp\/v2\/pages\/1360"}],"collection":[{"href":"https:\/\/tomil.de\/fotoshopwp\/wp-json\/wp\/v2\/pages"}],"about":[{"href":"https:\/\/tomil.de\/fotoshopwp\/wp-json\/wp\/v2\/types\/page"}],"author":[{"embeddable":true,"href":"https:\/\/tomil.de\/fotoshopwp\/wp-json\/wp\/v2\/users\/1"}],"replies":[{"embeddable":true,"href":"https:\/\/tomil.de\/fotoshopwp\/wp-json\/wp\/v2\/comments?post=1360"}],"version-history":[{"count":2,"href":"https:\/\/tomil.de\/fotoshopwp\/wp-json\/wp\/v2\/pages\/1360\/revisions"}],"predecessor-version":[{"id":1391,"href":"https:\/\/tomil.de\/fotoshopwp\/wp-json\/wp\/v2\/pages\/1360\/revisions\/1391"}],"wp:attachment":[{"href":"https:\/\/tomil.de\/fotoshopwp\/wp-json\/wp\/v2\/media?parent=1360"}],"curies":[{"name":"wp","href":"https:\/\/api.w.org\/{rel}","templated":true}]}}