{"id":1367,"date":"2021-03-26T18:07:33","date_gmt":"2021-03-26T17:07:33","guid":{"rendered":"https:\/\/tomil.de\/fotoshopwp\/?page_id=1367"},"modified":"2021-03-27T13:18:39","modified_gmt":"2021-03-27T12:18:39","slug":"stadtmuseum1","status":"publish","type":"page","link":"https:\/\/tomil.de\/fotoshopwp\/stadtmuseum1\/","title":{"rendered":"Stadtmuseum"},"content":{"rendered":"\n<style type=\"text\/css\" data-created_by=\"avia_inline_auto\" id=\"style-css-av-k1ufzph2-6327953b57b3f01d1be9ed4457e27d47\">\n.flex_column.av-k1ufzph2-6327953b57b3f01d1be9ed4457e27d47{\n-webkit-border-radius:0px 0px 0px 0px;\n-moz-border-radius:0px 0px 0px 0px;\nborder-radius:0px 0px 0px 0px;\n}\n<\/style>\n<div class='flex_column av-k1ufzph2-6327953b57b3f01d1be9ed4457e27d47 av_two_third  avia-builder-el-0  el_before_av_one_third  avia-builder-el-first  first flex_column_div av-zero-column-padding '     ><style type=\"text\/css\" data-created_by=\"avia_inline_auto\" id=\"style-css-av-k1ugbf79-1d34d85506d6495684145604ada509cd\">\n.avia-image-container.av-k1ugbf79-1d34d85506d6495684145604ada509cd img.avia_image{\nbox-shadow:none;\n}\n.avia-image-container.av-k1ugbf79-1d34d85506d6495684145604ada509cd .av-image-caption-overlay-center{\ncolor:#ffffff;\n}\n<\/style>\n<div  class='avia-image-container av-k1ugbf79-1d34d85506d6495684145604ada509cd av-styling- avia-align-left  avia-builder-el-1  avia-builder-el-no-sibling '   itemprop=\"image\" itemscope=\"itemscope\" itemtype=\"https:\/\/schema.org\/ImageObject\" ><div class=\"avia-image-container-inner\"><div class=\"avia-image-overlay-wrap\"><img decoding=\"async\" class='wp-image-880 avia-img-lazy-loading-not-880 avia_image ' src=\"https:\/\/tomil.de\/fotoshopwp\/wp-content\/uploads\/2019\/10\/riehm-220-Bearbeitet-1.jpg\" alt='' title='Stadtmuseum - Gro\u00dfe M\u00e4rkerstra\u00dfe 10'  height=\"585\" width=\"800\"  itemprop=\"thumbnailUrl\" srcset=\"https:\/\/tomil.de\/fotoshopwp\/wp-content\/uploads\/2019\/10\/riehm-220-Bearbeitet-1.jpg 800w, https:\/\/tomil.de\/fotoshopwp\/wp-content\/uploads\/2019\/10\/riehm-220-Bearbeitet-1-600x439.jpg 600w, https:\/\/tomil.de\/fotoshopwp\/wp-content\/uploads\/2019\/10\/riehm-220-Bearbeitet-1-300x219.jpg 300w, https:\/\/tomil.de\/fotoshopwp\/wp-content\/uploads\/2019\/10\/riehm-220-Bearbeitet-1-705x516.jpg 705w\" sizes=\"(max-width: 800px) 100vw, 800px\" \/><\/div><\/div><\/div><\/div>\n\n<style type=\"text\/css\" data-created_by=\"avia_inline_auto\" id=\"style-css-av-l9idd-88a30af2fe9199df6d380d2eb7315b6c\">\n.flex_column.av-l9idd-88a30af2fe9199df6d380d2eb7315b6c{\n-webkit-border-radius:0px 0px 0px 0px;\n-moz-border-radius:0px 0px 0px 0px;\nborder-radius:0px 0px 0px 0px;\n}\n<\/style>\n<div class='flex_column av-l9idd-88a30af2fe9199df6d380d2eb7315b6c av_one_third  avia-builder-el-2  el_after_av_two_third  el_before_av_one_full  flex_column_div av-zero-column-padding '     ><p><section  class='av_textblock_section av-k1un2w6w-e5cc5df0edceb1bd9396a64d0df1004d'  itemscope=\"itemscope\" itemtype=\"https:\/\/schema.org\/CreativeWork\" ><div class='avia_textblock'  itemprop=\"text\" ><p><strong>Motivinformationen<\/strong><\/p>\n<p><strong>Titel: <\/strong>Stadtmuseum<\/p>\n<p>Standort 51\u00b0 28\u2019 49\u201d N, 11\u00b0 58\u2019 17\u201d O<br \/>\n1558 erbaut, Renaissancebau<br \/>\nHistorische Aufnahme von Gottfried Riehm , 1897<br \/>\nGlasnegativ 6 x 6 cm, gescannt<br \/>\nStadtarchiv Halle<br \/>\nSignatur: Riehm 220<\/p>\n<p>eigene Aufnahme: 2019<\/p>\n<p><strong>Gr\u00f6\u00dfe des Druckes:<\/strong> 55 x 40 cm<\/p>\n<p><strong>Rahmung:<\/strong><\/p>\n<ul>\n<li>Nielsen C2 Alu strukturiert schwarz-matt<\/li>\n<li>Format 71 x 56 cm<\/li>\n<li><u>Glas entspiegelt und mit UV-Schutz<\/u><\/li>\n<li>Passepartoutmappe altwei\u00df<\/li>\n<\/ul>\n<p><strong>Auflage:<\/strong> 5<\/p>\n<\/div><\/section><br \/>\n\n<style type=\"text\/css\" data-created_by=\"avia_inline_auto\" id=\"style-css-av-k1up7k66-378ae7fb3dbacf8513e8ca100ad5b0fd\">\n.avia-progress-bar-container.av-k1up7k66-378ae7fb3dbacf8513e8ca100ad5b0fd .progress{\nheight:10px;\n}\n<\/style>\n\n<style type=\"text\/css\" data-created_by=\"avia_inline_auto\" id=\"style-css-sub-av-k1up7k66-378ae7fb3dbacf8513e8ca100ad5b0fd\">\n#top .avia-progress-bar-container .avia-progress-bar.av-acxrv-60aec4f99e6f77d46baf4eb1bc5bb7bb .bar{\nwidth:80%;\n}\n<\/style>\n<div  class='avia-progress-bar-container av-k1up7k66-378ae7fb3dbacf8513e8ca100ad5b0fd av-striped-bar av-animated-bar av-small-bar avia_animate_when_almost_visible  avia-builder-el-4  el_after_av_textblock  el_before_av_button '><div class='avia-progress-bar av-acxrv-60aec4f99e6f77d46baf4eb1bc5bb7bb icon-bar-yes theme-color-bar theme-color-bar icon-bar-yes'><div class=\"progressbar-title-wrap\"><div class='progressbar-icon'><span class='progressbar-char' aria-hidden='true' data-av_icon='\ue909' data-av_iconfont='entypo-fontello'><\/span><\/div><div class='progressbar-title'>Verf\u00fcgbar<\/div><\/div><div class=\"progress\"><div class=\"bar-outer\"><div class='bar' data-progress='80'><\/div><\/div><\/div><\/div><\/div><br \/>\n<div  class='avia-button-wrap av-k28w0eon-bfcea5a2fb231292cdf0ffe434e6f111-wrap avia-button-left  avia-builder-el-5  el_after_av_progress  avia-builder-el-last ' ><a href='http:\/\/tomil.de\/fotoshopwp\/kontakt-2\/'  class='avia-button av-k28w0eon-bfcea5a2fb231292cdf0ffe434e6f111 avia-icon_select-no avia-size-small avia-position-left avia-color-theme-color'  target=\"_blank\"  rel=\"noopener noreferrer\"><span class='avia_iconbox_title' >Anfrage<\/span><\/a><\/div><\/p><\/div>\n\n<style type=\"text\/css\" data-created_by=\"avia_inline_auto\" id=\"style-css-av-143eh-fb1f7bd0ea29f5d7bfc55003a038e2f5\">\n.flex_column.av-143eh-fb1f7bd0ea29f5d7bfc55003a038e2f5{\n-webkit-border-radius:0px 0px 0px 0px;\n-moz-border-radius:0px 0px 0px 0px;\nborder-radius:0px 0px 0px 0px;\n}\n<\/style>\n<div class='flex_column av-143eh-fb1f7bd0ea29f5d7bfc55003a038e2f5 av_one_full  avia-builder-el-6  el_after_av_one_third  el_before_av_hr  first flex_column_div av-zero-column-padding column-top-margin'     ><section  class='av_textblock_section av-k1uji67x-b71eccc3db8f7adb60b2601b0f0d9464'  itemscope=\"itemscope\" itemtype=\"https:\/\/schema.org\/CreativeWork\" ><div class='avia_textblock'  itemprop=\"text\" ><p>[multicolumn]<strong>Stadtmuseum<\/strong><br \/>\nGro\u00dfe M\u00e4rkerstra\u00dfe 10<\/p>\n<p>Die Gro\u00dfe M\u00e4rkerstra\u00dfe, eine der eindrucksvollsten Stra\u00dfen der Stadt, war ein bevorzugtes Wohnquartier hallescher Universit\u00e4tsgelehrter.<br \/>\nIm 18. Jahrhundert hielten die Professoren ihre Vorlesungen nicht nur in der Ratswaage, dem damaligen Hauptgeb\u00e4ude der Universit\u00e4t, auf dem benachbarten Marktplatz, sondern auch in ihren privaten Wohnh\u00e4usern, mit zum Teil bereitgehaltenen R\u00e4umen f\u00fcr Kollegzwecke ab.<br \/>\nDer im Barock umgebaute Renaissancebau des sogenannten Christian-Wolff-Hauses ist mit seinen Dreiecks- und Schweifgiebeln pr\u00e4gend f\u00fcr das Platzbild am Kleinen Berlin. Das Haus wurde 1558 von Nickel Hofmann (1510 \u2013 1592) erbaut und war von 1740 \u2013 1754 Wohn- und Lehrst\u00e4tte des Juristen und Mathematikers Christian Wolff (1679 \u2013 1754). Eine Gedenktafel an<br \/>\nder Fassade erinnert an den umstrittenen Philosophen der Aufkl\u00e4rung: \u201eChr. Wolfius Philosophus hic habitabat\u201d.<br \/>\nDas Erscheinungsbild des Hauses hat sich seitdem wenig ver\u00e4ndert, seine Nutzung jedoch erheblich. 1764 \u2013 1948 war es Sitz des Druck- und Verlagshauses Gebauer- Schwetschke, wovon das Druckereigeb\u00e4ude im Hof Zeugnis gibt.<br \/>\nSeit 1954 werden die R\u00e4umlichkeiten als Museum genutzt, zun\u00e4chst als Heimatmuseum, sp\u00e4ter als Geschichtsmuseum der Stadt Halle.<br \/>\nNach aufwendigen Sanierungsarbeiten pr\u00e4sentiert seit 2012 \/ 13 das Stadtmuseum hier seine Ausstellungen.<br \/>\n[\/multicolumn]<\/p>\n<\/div><\/section><\/div>\n<div  class='hr av-2ogw7b-877c4e37a3d79da46fe16f91a9eabee0 hr-default  avia-builder-el-8  el_after_av_one_full  el_before_av_textblock '><span class='hr-inner '><span class=\"hr-inner-style\"><\/span><\/span><\/div>\n<section  class='av_textblock_section av-kmqk1xf9-f62fb853e398608cee18c24634808113'  itemscope=\"itemscope\" itemtype=\"https:\/\/schema.org\/CreativeWork\" ><div class='avia_textblock'  itemprop=\"text\" ><div id=\"s201_slides-3-1\" class=\"s201_slides s201_slides-3 s201_full_width\" data-s201=\"{&quot;vertical&quot;:0,&quot;sliding_behavior&quot;:&quot;drag&quot;,&quot;auto_slide&quot;:true,&quot;slide_speed&quot;:6000,&quot;slide_delay&quot;:500}\">\r\n\t\t<div class=\"s201_holder s201_slide_active\" data-part=\"holder\">\r\n\t\t\t<img decoding=\"async\" src=\"https:\/\/tomil.de\/fotoshopwp\/wp-content\/uploads\/2021\/03\/after-2.jpg\" srcset=\"https:\/\/tomil.de\/fotoshopwp\/wp-content\/uploads\/2021\/03\/after-2-300x191.jpg 300w, https:\/\/tomil.de\/fotoshopwp\/wp-content\/uploads\/2021\/03\/after-2-1030x654.jpg 1030w, https:\/\/tomil.de\/fotoshopwp\/wp-content\/uploads\/2021\/03\/after-2-1536x976.jpg 1536w, https:\/\/tomil.de\/fotoshopwp\/wp-content\/uploads\/2021\/03\/after-2-1500x953.jpg 1500w, https:\/\/tomil.de\/fotoshopwp\/wp-content\/uploads\/2021\/03\/after-2-705x448.jpg 705w, https:\/\/tomil.de\/fotoshopwp\/wp-content\/uploads\/2021\/03\/after-2-600x381.jpg 600w, https:\/\/tomil.de\/fotoshopwp\/wp-content\/uploads\/2021\/03\/after-2.jpg 1795w\" sizes=\"(max-width: 1795px) 100vw, 1795px\" alt=\"2019\" class=\"s201_img_holder s201_noselect\"\/><div class=\"s201_item_img s201_noselect\"><div class=\"s201_overlay_img\" style=\"background-image:url('https:\/\/tomil.de\/fotoshopwp\/wp-content\/uploads\/2021\/03\/after-2.jpg')\"><img decoding=\"async\" src=\"https:\/\/tomil.de\/fotoshopwp\/wp-content\/uploads\/2021\/03\/after-2.jpg\" srcset=\"https:\/\/tomil.de\/fotoshopwp\/wp-content\/uploads\/2021\/03\/after-2-300x191.jpg 300w, https:\/\/tomil.de\/fotoshopwp\/wp-content\/uploads\/2021\/03\/after-2-1030x654.jpg 1030w, https:\/\/tomil.de\/fotoshopwp\/wp-content\/uploads\/2021\/03\/after-2-1536x976.jpg 1536w, https:\/\/tomil.de\/fotoshopwp\/wp-content\/uploads\/2021\/03\/after-2-1500x953.jpg 1500w, https:\/\/tomil.de\/fotoshopwp\/wp-content\/uploads\/2021\/03\/after-2-705x448.jpg 705w, https:\/\/tomil.de\/fotoshopwp\/wp-content\/uploads\/2021\/03\/after-2-600x381.jpg 600w, https:\/\/tomil.de\/fotoshopwp\/wp-content\/uploads\/2021\/03\/after-2.jpg 1795w\" sizes=\"(max-width: 1795px) 100vw, 1795px\" alt=\"2019\" class=\"s201_noselect\"\/><\/div><div class=\"s201_label_text s201_noselect s201_always_show\" data-part=\"label\">2019<\/div><\/div><div class=\"s201_item_img s201_noselect\" style=\"width:50%;\"><div class=\"s201_overlay_img\" style=\"background-image:url('https:\/\/tomil.de\/fotoshopwp\/wp-content\/uploads\/2021\/03\/before-2.jpg')\"><img decoding=\"async\" src=\"https:\/\/tomil.de\/fotoshopwp\/wp-content\/uploads\/2021\/03\/before-2.jpg\" srcset=\"https:\/\/tomil.de\/fotoshopwp\/wp-content\/uploads\/2021\/03\/before-2-300x191.jpg 300w, https:\/\/tomil.de\/fotoshopwp\/wp-content\/uploads\/2021\/03\/before-2-1030x654.jpg 1030w, https:\/\/tomil.de\/fotoshopwp\/wp-content\/uploads\/2021\/03\/before-2-1536x976.jpg 1536w, https:\/\/tomil.de\/fotoshopwp\/wp-content\/uploads\/2021\/03\/before-2-1500x953.jpg 1500w, https:\/\/tomil.de\/fotoshopwp\/wp-content\/uploads\/2021\/03\/before-2-705x448.jpg 705w, https:\/\/tomil.de\/fotoshopwp\/wp-content\/uploads\/2021\/03\/before-2-600x381.jpg 600w, https:\/\/tomil.de\/fotoshopwp\/wp-content\/uploads\/2021\/03\/before-2.jpg 1795w\" sizes=\"(max-width: 1795px) 100vw, 1795px\" alt=\"1897\" class=\"s201_noselect\"\/><\/div><div class=\"s201_label_text s201_noselect s201_always_show\" data-part=\"label\">1897<\/div>\r\n\t\t\t\t\t\t\t<div class=\"s201_slider s201_style_1\" style=\"top:50%;\"><div class=\"s201_top_line\"><\/div><div class=\"s201_handle\"><div class=\"s201_left_arrow\"><\/div><div class=\"s201_right_arrow\"><\/div><\/div><div class=\"s201_bottom_line\"><\/div><\/div>\r\n\t\t\t\t\t\t<\/div>\t\t\t\t\t<\/div>\r\n\t\t<\/div>\n<\/div><\/section>\n ","protected":false},"excerpt":{"rendered":"","protected":false},"author":1,"featured_media":0,"parent":0,"menu_order":0,"comment_status":"closed","ping_status":"closed","template":"template-blank.php","meta":{"jetpack_post_was_ever_published":false,"footnotes":""},"aioseo_notices":[],"jetpack_sharing_enabled":false,"jetpack_shortlink":"https:\/\/wp.me\/Pb03Dh-m3","_links":{"self":[{"href":"https:\/\/tomil.de\/fotoshopwp\/wp-json\/wp\/v2\/pages\/1367"}],"collection":[{"href":"https:\/\/tomil.de\/fotoshopwp\/wp-json\/wp\/v2\/pages"}],"about":[{"href":"https:\/\/tomil.de\/fotoshopwp\/wp-json\/wp\/v2\/types\/page"}],"author":[{"embeddable":true,"href":"https:\/\/tomil.de\/fotoshopwp\/wp-json\/wp\/v2\/users\/1"}],"replies":[{"embeddable":true,"href":"https:\/\/tomil.de\/fotoshopwp\/wp-json\/wp\/v2\/comments?post=1367"}],"version-history":[{"count":2,"href":"https:\/\/tomil.de\/fotoshopwp\/wp-json\/wp\/v2\/pages\/1367\/revisions"}],"predecessor-version":[{"id":1393,"href":"https:\/\/tomil.de\/fotoshopwp\/wp-json\/wp\/v2\/pages\/1367\/revisions\/1393"}],"wp:attachment":[{"href":"https:\/\/tomil.de\/fotoshopwp\/wp-json\/wp\/v2\/media?parent=1367"}],"curies":[{"name":"wp","href":"https:\/\/api.w.org\/{rel}","templated":true}]}}