{"id":1413,"date":"2021-03-27T15:30:35","date_gmt":"2021-03-27T14:30:35","guid":{"rendered":"https:\/\/tomil.de\/fotoshopwp\/oper-halle1-copy\/"},"modified":"2021-03-27T16:05:40","modified_gmt":"2021-03-27T15:05:40","slug":"altes-rathaus1","status":"publish","type":"page","link":"https:\/\/tomil.de\/fotoshopwp\/altes-rathaus1\/","title":{"rendered":"Altes Rathaus"},"content":{"rendered":"\n<style type=\"text\/css\" data-created_by=\"avia_inline_auto\" id=\"style-css-av-k1ufzph2-6327953b57b3f01d1be9ed4457e27d47\">\n.flex_column.av-k1ufzph2-6327953b57b3f01d1be9ed4457e27d47{\n-webkit-border-radius:0px 0px 0px 0px;\n-moz-border-radius:0px 0px 0px 0px;\nborder-radius:0px 0px 0px 0px;\n}\n<\/style>\n<div class='flex_column av-k1ufzph2-6327953b57b3f01d1be9ed4457e27d47 av_two_third  avia-builder-el-0  el_before_av_one_third  avia-builder-el-first  first flex_column_div av-zero-column-padding '     ><style type=\"text\/css\" data-created_by=\"avia_inline_auto\" id=\"style-css-av-k1ugbf79-adf971f58bd6df9ff74ecef73c3a4e9f\">\n.avia-image-container.av-k1ugbf79-adf971f58bd6df9ff74ecef73c3a4e9f img.avia_image{\nbox-shadow:none;\n}\n.avia-image-container.av-k1ugbf79-adf971f58bd6df9ff74ecef73c3a4e9f .av-image-caption-overlay-center{\ncolor:#ffffff;\n}\n<\/style>\n<div  class='avia-image-container av-k1ugbf79-adf971f58bd6df9ff74ecef73c3a4e9f av-styling- avia-align-left  avia-builder-el-1  avia-builder-el-no-sibling '   itemprop=\"image\" itemscope=\"itemscope\" itemtype=\"https:\/\/schema.org\/ImageObject\" ><div class=\"avia-image-container-inner\"><div class=\"avia-image-overlay-wrap\"><img decoding=\"async\" class='wp-image-1414 avia-img-lazy-loading-not-1414 avia_image ' src=\"https:\/\/tomil.de\/fotoshopwp\/wp-content\/uploads\/2021\/03\/M\u00f6ll-Altes-Rathaus.jpg\" alt='' title='M\u00f6ll Altes Rathaus'  height=\"554\" width=\"800\"  itemprop=\"thumbnailUrl\" srcset=\"https:\/\/tomil.de\/fotoshopwp\/wp-content\/uploads\/2021\/03\/M\u00f6ll-Altes-Rathaus.jpg 800w, https:\/\/tomil.de\/fotoshopwp\/wp-content\/uploads\/2021\/03\/M\u00f6ll-Altes-Rathaus-300x208.jpg 300w, https:\/\/tomil.de\/fotoshopwp\/wp-content\/uploads\/2021\/03\/M\u00f6ll-Altes-Rathaus-705x488.jpg 705w, https:\/\/tomil.de\/fotoshopwp\/wp-content\/uploads\/2021\/03\/M\u00f6ll-Altes-Rathaus-600x416.jpg 600w\" sizes=\"(max-width: 800px) 100vw, 800px\" \/><\/div><\/div><\/div><\/div>\n<style type=\"text\/css\" data-created_by=\"avia_inline_auto\" id=\"style-css-av-l9idd-88a30af2fe9199df6d380d2eb7315b6c\">\n.flex_column.av-l9idd-88a30af2fe9199df6d380d2eb7315b6c{\n-webkit-border-radius:0px 0px 0px 0px;\n-moz-border-radius:0px 0px 0px 0px;\nborder-radius:0px 0px 0px 0px;\n}\n<\/style>\n<div class='flex_column av-l9idd-88a30af2fe9199df6d380d2eb7315b6c av_one_third  avia-builder-el-2  el_after_av_two_third  el_before_av_one_full  flex_column_div av-zero-column-padding '     ><p><section  class='av_textblock_section av-k1un2w6w-e5cc5df0edceb1bd9396a64d0df1004d'  itemscope=\"itemscope\" itemtype=\"https:\/\/schema.org\/CreativeWork\" ><div class='avia_textblock'  itemprop=\"text\" ><p><strong>Motivinformationen<\/strong><\/p>\n<p><strong>Titel: <\/strong>Altes Rathaus<\/p>\n<p>Standort 51\u00b0 48\u2019 29.11\u201d N, 11\u00b0 96\u2019 94.47\u201d O<br \/>\n1884 \u2013 1886 errichtet, Neorenaissancebau<br \/>\nHistorische Aufnahme von Fritz M\u00f6ller , vor 1928<br \/>\nGlasnegativ 18 x 24 cm, gescannt<br \/>\nThomas Steuber, privat<\/p>\n<p>aktuelle Aufnahme: Kai Schmidt 2020<\/p>\n<p><strong>Gr\u00f6\u00dfe des Druckes:<\/strong> 54 x 40 cm<\/p>\n<p><strong>Rahmung:<\/strong><\/p>\n<ul>\n<li>Nielsen C2 Alu strukturiert schwarz-matt<\/li>\n<li>Format 71 x 56 cm<\/li>\n<li><u>Glas entspiegelt und mit UV-Schutz<\/u><\/li>\n<li>Passepartoutmappe altwei\u00df<\/li>\n<\/ul>\n<p><strong>Auflage:<\/strong> 5<\/p>\n<\/div><\/section><br \/>\n\n<style type=\"text\/css\" data-created_by=\"avia_inline_auto\" id=\"style-css-av-k1up7k66-378ae7fb3dbacf8513e8ca100ad5b0fd\">\n.avia-progress-bar-container.av-k1up7k66-378ae7fb3dbacf8513e8ca100ad5b0fd .progress{\nheight:10px;\n}\n<\/style>\n\n<style type=\"text\/css\" data-created_by=\"avia_inline_auto\" id=\"style-css-sub-av-k1up7k66-378ae7fb3dbacf8513e8ca100ad5b0fd\">\n#top .avia-progress-bar-container .avia-progress-bar.av-av_progress_bar-6f38b868367210e9f69737579ebcfc53 .bar{\nwidth:100%;\n}\n<\/style>\n<div  class='avia-progress-bar-container av-k1up7k66-378ae7fb3dbacf8513e8ca100ad5b0fd av-striped-bar av-animated-bar av-small-bar avia_animate_when_almost_visible  avia-builder-el-4  el_after_av_textblock  el_before_av_button '><div class='avia-progress-bar av-av_progress_bar-6f38b868367210e9f69737579ebcfc53 icon-bar-yes theme-color-bar theme-color-bar icon-bar-yes'><div class=\"progressbar-title-wrap\"><div class='progressbar-icon'><span class='progressbar-char' aria-hidden='true' data-av_icon='\ue909' data-av_iconfont='entypo-fontello'><\/span><\/div><div class='progressbar-title'>Verf\u00fcgbar<\/div><\/div><div class=\"progress\"><div class=\"bar-outer\"><div class='bar' data-progress='100'><\/div><\/div><\/div><\/div><\/div><br \/>\n<div  class='avia-button-wrap av-k28w0eon-bfcea5a2fb231292cdf0ffe434e6f111-wrap avia-button-left  avia-builder-el-5  el_after_av_progress  avia-builder-el-last ' ><a href='http:\/\/tomil.de\/fotoshopwp\/kontakt-2\/'  class='avia-button av-k28w0eon-bfcea5a2fb231292cdf0ffe434e6f111 avia-icon_select-no avia-size-small avia-position-left avia-color-theme-color'  target=\"_blank\"  rel=\"noopener noreferrer\"><span class='avia_iconbox_title' >Anfrage<\/span><\/a><\/div><\/p><\/div>\n<style type=\"text\/css\" data-created_by=\"avia_inline_auto\" id=\"style-css-av-143eh-fb1f7bd0ea29f5d7bfc55003a038e2f5\">\n.flex_column.av-143eh-fb1f7bd0ea29f5d7bfc55003a038e2f5{\n-webkit-border-radius:0px 0px 0px 0px;\n-moz-border-radius:0px 0px 0px 0px;\nborder-radius:0px 0px 0px 0px;\n}\n<\/style>\n<div class='flex_column av-143eh-fb1f7bd0ea29f5d7bfc55003a038e2f5 av_one_full  avia-builder-el-6  el_after_av_one_third  el_before_av_hr  first flex_column_div av-zero-column-padding column-top-margin'     ><section  class='av_textblock_section av-k1uji67x-b71eccc3db8f7adb60b2601b0f0d9464'  itemscope=\"itemscope\" itemtype=\"https:\/\/schema.org\/CreativeWork\" ><div class='avia_textblock'  itemprop=\"text\" ><p>[multicolumn]<strong>Altes Rathaus Halle<\/strong><br \/>\nMarktplatz<\/p>\n<p><span class=\"\">Die komplette Ansicht der Fotokomposition aus Bildern von vor 1928 und 2020.<br \/>\nBlick auf den Marktplatz mit dem alten Rathaus.<br \/>\nDer hinter dem alten Rathaus stehende Kubus mit Pyramidendach geh\u00f6rt zu dem bereits 1928-30 errichteten Erweiterungsbau f\u00fcr die st\u00e4dtische Verwaltung, Ratshof genannt. Das alte Rathaus wurde Ende des 2. Weltkrieges zerst\u00f6rt. <\/span><br \/>\n[\/multicolumn]<\/p>\n<\/div><\/section><\/div><div  class='hr av-3ras9j-b85b26b946ce06ba6aa18a7b80d94bce hr-default  avia-builder-el-8  el_after_av_one_full  el_before_av_textblock '><span class='hr-inner '><span class=\"hr-inner-style\"><\/span><\/span><\/div><\/p>\n<section  class='av_textblock_section av-1x9t9z-e3fda3c630c824f523f7dd9ff330def0'  itemscope=\"itemscope\" itemtype=\"https:\/\/schema.org\/CreativeWork\" ><div class='avia_textblock'  itemprop=\"text\" ><div id=\"s201_slides-5-1\" class=\"s201_slides s201_slides-5 s201_full_width\" data-s201=\"{&quot;vertical&quot;:0,&quot;sliding_behavior&quot;:&quot;drag&quot;,&quot;auto_slide&quot;:true,&quot;slide_speed&quot;:6000,&quot;slide_delay&quot;:500}\">\r\n\t\t<div class=\"s201_holder s201_slide_active\" data-part=\"holder\">\r\n\t\t\t<img decoding=\"async\" src=\"https:\/\/tomil.de\/fotoshopwp\/wp-content\/uploads\/2021\/03\/after-4-scaled.jpg\" srcset=\"https:\/\/tomil.de\/fotoshopwp\/wp-content\/uploads\/2021\/03\/after-4-300x206.jpg 300w, https:\/\/tomil.de\/fotoshopwp\/wp-content\/uploads\/2021\/03\/after-4-1030x707.jpg 1030w, https:\/\/tomil.de\/fotoshopwp\/wp-content\/uploads\/2021\/03\/after-4-1536x1055.jpg 1536w, https:\/\/tomil.de\/fotoshopwp\/wp-content\/uploads\/2021\/03\/after-4-2048x1406.jpg 2048w, https:\/\/tomil.de\/fotoshopwp\/wp-content\/uploads\/2021\/03\/after-4-1500x1030.jpg 1500w, https:\/\/tomil.de\/fotoshopwp\/wp-content\/uploads\/2021\/03\/after-4-705x484.jpg 705w, https:\/\/tomil.de\/fotoshopwp\/wp-content\/uploads\/2021\/03\/after-4-600x412.jpg 600w\" sizes=\"(max-width: 2560px) 100vw, 2560px\" alt=\"2020\" class=\"s201_img_holder s201_noselect\"\/><div class=\"s201_item_img s201_noselect\"><div class=\"s201_overlay_img\" style=\"background-image:url('https:\/\/tomil.de\/fotoshopwp\/wp-content\/uploads\/2021\/03\/after-4-scaled.jpg')\"><img decoding=\"async\" src=\"https:\/\/tomil.de\/fotoshopwp\/wp-content\/uploads\/2021\/03\/after-4-scaled.jpg\" srcset=\"https:\/\/tomil.de\/fotoshopwp\/wp-content\/uploads\/2021\/03\/after-4-300x206.jpg 300w, https:\/\/tomil.de\/fotoshopwp\/wp-content\/uploads\/2021\/03\/after-4-1030x707.jpg 1030w, https:\/\/tomil.de\/fotoshopwp\/wp-content\/uploads\/2021\/03\/after-4-1536x1055.jpg 1536w, https:\/\/tomil.de\/fotoshopwp\/wp-content\/uploads\/2021\/03\/after-4-2048x1406.jpg 2048w, https:\/\/tomil.de\/fotoshopwp\/wp-content\/uploads\/2021\/03\/after-4-1500x1030.jpg 1500w, https:\/\/tomil.de\/fotoshopwp\/wp-content\/uploads\/2021\/03\/after-4-705x484.jpg 705w, https:\/\/tomil.de\/fotoshopwp\/wp-content\/uploads\/2021\/03\/after-4-600x412.jpg 600w\" sizes=\"(max-width: 2560px) 100vw, 2560px\" alt=\"2020\" class=\"s201_noselect\"\/><\/div><div class=\"s201_label_text s201_noselect s201_always_show\" data-part=\"label\">2020<\/div><\/div><div class=\"s201_item_img s201_noselect\" style=\"width:50%;\"><div class=\"s201_overlay_img\" style=\"background-image:url('https:\/\/tomil.de\/fotoshopwp\/wp-content\/uploads\/2021\/03\/before-4-scaled.jpg')\"><img decoding=\"async\" src=\"https:\/\/tomil.de\/fotoshopwp\/wp-content\/uploads\/2021\/03\/before-4-scaled.jpg\" srcset=\"https:\/\/tomil.de\/fotoshopwp\/wp-content\/uploads\/2021\/03\/before-4-300x206.jpg 300w, https:\/\/tomil.de\/fotoshopwp\/wp-content\/uploads\/2021\/03\/before-4-1030x707.jpg 1030w, https:\/\/tomil.de\/fotoshopwp\/wp-content\/uploads\/2021\/03\/before-4-1536x1055.jpg 1536w, https:\/\/tomil.de\/fotoshopwp\/wp-content\/uploads\/2021\/03\/before-4-2048x1406.jpg 2048w, https:\/\/tomil.de\/fotoshopwp\/wp-content\/uploads\/2021\/03\/before-4-1500x1030.jpg 1500w, https:\/\/tomil.de\/fotoshopwp\/wp-content\/uploads\/2021\/03\/before-4-705x484.jpg 705w, https:\/\/tomil.de\/fotoshopwp\/wp-content\/uploads\/2021\/03\/before-4-600x412.jpg 600w\" sizes=\"(max-width: 2560px) 100vw, 2560px\" alt=\"um 1900\" class=\"s201_noselect\"\/><\/div><div class=\"s201_label_text s201_noselect s201_always_show\" data-part=\"label\">um 1900<\/div>\r\n\t\t\t\t\t\t\t<div class=\"s201_slider s201_style_1\" style=\"top:50%;\"><div class=\"s201_top_line\"><\/div><div class=\"s201_handle\"><div class=\"s201_left_arrow\"><\/div><div class=\"s201_right_arrow\"><\/div><\/div><div class=\"s201_bottom_line\"><\/div><\/div>\r\n\t\t\t\t\t\t<\/div>\t\t\t\t\t<\/div>\r\n\t\t<\/div>\n<\/div><\/section>\n ","protected":false},"excerpt":{"rendered":"","protected":false},"author":1,"featured_media":0,"parent":0,"menu_order":0,"comment_status":"closed","ping_status":"closed","template":"template-blank.php","meta":{"jetpack_post_was_ever_published":false,"footnotes":""},"aioseo_notices":[],"jetpack_sharing_enabled":false,"jetpack_shortlink":"https:\/\/wp.me\/Pb03Dh-mN","_links":{"self":[{"href":"https:\/\/tomil.de\/fotoshopwp\/wp-json\/wp\/v2\/pages\/1413"}],"collection":[{"href":"https:\/\/tomil.de\/fotoshopwp\/wp-json\/wp\/v2\/pages"}],"about":[{"href":"https:\/\/tomil.de\/fotoshopwp\/wp-json\/wp\/v2\/types\/page"}],"author":[{"embeddable":true,"href":"https:\/\/tomil.de\/fotoshopwp\/wp-json\/wp\/v2\/users\/1"}],"replies":[{"embeddable":true,"href":"https:\/\/tomil.de\/fotoshopwp\/wp-json\/wp\/v2\/comments?post=1413"}],"version-history":[{"count":1,"href":"https:\/\/tomil.de\/fotoshopwp\/wp-json\/wp\/v2\/pages\/1413\/revisions"}],"predecessor-version":[{"id":1418,"href":"https:\/\/tomil.de\/fotoshopwp\/wp-json\/wp\/v2\/pages\/1413\/revisions\/1418"}],"wp:attachment":[{"href":"https:\/\/tomil.de\/fotoshopwp\/wp-json\/wp\/v2\/media?parent=1413"}],"curies":[{"name":"wp","href":"https:\/\/api.w.org\/{rel}","templated":true}]}}