{"id":1419,"date":"2021-03-27T16:51:15","date_gmt":"2021-03-27T15:51:15","guid":{"rendered":"https:\/\/tomil.de\/fotoshopwp\/?page_id=1419"},"modified":"2021-03-27T16:53:23","modified_gmt":"2021-03-27T15:53:23","slug":"treppenhaus-loewengebaeude1","status":"publish","type":"page","link":"https:\/\/tomil.de\/fotoshopwp\/treppenhaus-loewengebaeude1\/","title":{"rendered":"Treppenhaus L\u00f6wengeb\u00e4ude"},"content":{"rendered":"\n<style type=\"text\/css\" data-created_by=\"avia_inline_auto\" id=\"style-css-av-k1ufzph2-6327953b57b3f01d1be9ed4457e27d47\">\n.flex_column.av-k1ufzph2-6327953b57b3f01d1be9ed4457e27d47{\n-webkit-border-radius:0px 0px 0px 0px;\n-moz-border-radius:0px 0px 0px 0px;\nborder-radius:0px 0px 0px 0px;\n}\n<\/style>\n<div class='flex_column av-k1ufzph2-6327953b57b3f01d1be9ed4457e27d47 av_two_third  avia-builder-el-0  el_before_av_one_third  avia-builder-el-first  first flex_column_div av-zero-column-padding '     ><style type=\"text\/css\" data-created_by=\"avia_inline_auto\" id=\"style-css-av-k1ugbf79-0694b0bdb790ec78aa9eebb61fd25bee\">\n.avia-image-container.av-k1ugbf79-0694b0bdb790ec78aa9eebb61fd25bee img.avia_image{\nbox-shadow:none;\n}\n.avia-image-container.av-k1ugbf79-0694b0bdb790ec78aa9eebb61fd25bee .av-image-caption-overlay-center{\ncolor:#ffffff;\n}\n<\/style>\n<div  class='avia-image-container av-k1ugbf79-0694b0bdb790ec78aa9eebb61fd25bee av-styling- avia-align-left  avia-builder-el-1  avia-builder-el-no-sibling '   itemprop=\"image\" itemscope=\"itemscope\" itemtype=\"https:\/\/schema.org\/ImageObject\" ><div class=\"avia-image-container-inner\"><div class=\"avia-image-overlay-wrap\"><img decoding=\"async\" class='wp-image-870 avia-img-lazy-loading-not-870 avia_image ' src=\"https:\/\/tomil.de\/fotoshopwp\/wp-content\/uploads\/2019\/10\/M\u00f6ll-214-Bearbeitet-1.jpg\" alt='' title='Treppenhaus L\u00f6wengeb\u00e4ude - Universit\u00e4tsplatz 11'  height=\"800\" width=\"566\"  itemprop=\"thumbnailUrl\" srcset=\"https:\/\/tomil.de\/fotoshopwp\/wp-content\/uploads\/2019\/10\/M\u00f6ll-214-Bearbeitet-1.jpg 566w, https:\/\/tomil.de\/fotoshopwp\/wp-content\/uploads\/2019\/10\/M\u00f6ll-214-Bearbeitet-1-212x300.jpg 212w, https:\/\/tomil.de\/fotoshopwp\/wp-content\/uploads\/2019\/10\/M\u00f6ll-214-Bearbeitet-1-499x705.jpg 499w, https:\/\/tomil.de\/fotoshopwp\/wp-content\/uploads\/2019\/10\/M\u00f6ll-214-Bearbeitet-1-450x636.jpg 450w\" sizes=\"(max-width: 566px) 100vw, 566px\" \/><\/div><\/div><\/div><\/div>\n\n<style type=\"text\/css\" data-created_by=\"avia_inline_auto\" id=\"style-css-av-l9idd-88a30af2fe9199df6d380d2eb7315b6c\">\n.flex_column.av-l9idd-88a30af2fe9199df6d380d2eb7315b6c{\n-webkit-border-radius:0px 0px 0px 0px;\n-moz-border-radius:0px 0px 0px 0px;\nborder-radius:0px 0px 0px 0px;\n}\n<\/style>\n<div class='flex_column av-l9idd-88a30af2fe9199df6d380d2eb7315b6c av_one_third  avia-builder-el-2  el_after_av_two_third  el_before_av_one_full  flex_column_div av-zero-column-padding '     ><p><section  class='av_textblock_section av-k1un2w6w-e5cc5df0edceb1bd9396a64d0df1004d'  itemscope=\"itemscope\" itemtype=\"https:\/\/schema.org\/CreativeWork\" ><div class='avia_textblock'  itemprop=\"text\" ><p><strong>Motivinformationen<\/strong><\/p>\n<p><strong>Titel: <\/strong>Treppenhaus L\u00f6wengeb\u00e4ude<\/p>\n<p>Standort 51\u00b0 29\u2019 11\u201d N, 11\u00b0 58\u2019 8\u201d O<br \/>\n1832 \u2013 1834 im klassizistischen Stil erbaut<br \/>\nHistorische Aufnahme von Fritz M\u00f6ller , 23. Mai 1891<br \/>\nGlasplatte 13 x 18 cm, gescannt<br \/>\nStadtarchiv Halle<br \/>\nSignatur: M\u00f6ll 214<\/p>\n<p>eigene Aufnahme: 2018<\/p>\n<p><strong>Gr\u00f6\u00dfe des Druckes:<\/strong> 40 x 56 cm<\/p>\n<p><strong>Rahmung:<\/strong><\/p>\n<ul>\n<li>Nielsen C2 Alu strukturiert schwarz-matt<\/li>\n<li>Format 56 x 71 cm<\/li>\n<li><u>Glas entspiegelt und mit UV-Schutz<\/u><\/li>\n<li>Passepartoutmappe altwei\u00df<\/li>\n<\/ul>\n<p><strong>Auflage:<\/strong> 5<\/p>\n<\/div><\/section><br \/>\n\n<style type=\"text\/css\" data-created_by=\"avia_inline_auto\" id=\"style-css-av-k1up7k66-378ae7fb3dbacf8513e8ca100ad5b0fd\">\n.avia-progress-bar-container.av-k1up7k66-378ae7fb3dbacf8513e8ca100ad5b0fd .progress{\nheight:10px;\n}\n<\/style>\n\n<style type=\"text\/css\" data-created_by=\"avia_inline_auto\" id=\"style-css-sub-av-k1up7k66-378ae7fb3dbacf8513e8ca100ad5b0fd\">\n#top .avia-progress-bar-container .avia-progress-bar.av-1605n-2e8c10eac3ccdc41b2c3b6dbf8ff6029 .bar{\nwidth:80%;\n}\n<\/style>\n<div  class='avia-progress-bar-container av-k1up7k66-378ae7fb3dbacf8513e8ca100ad5b0fd av-striped-bar av-animated-bar av-small-bar avia_animate_when_almost_visible  avia-builder-el-4  el_after_av_textblock  el_before_av_button '><div class='avia-progress-bar av-1605n-2e8c10eac3ccdc41b2c3b6dbf8ff6029 icon-bar-yes theme-color-bar theme-color-bar icon-bar-yes'><div class=\"progressbar-title-wrap\"><div class='progressbar-icon'><span class='progressbar-char' aria-hidden='true' data-av_icon='\ue909' data-av_iconfont='entypo-fontello'><\/span><\/div><div class='progressbar-title'>Verf\u00fcgbar<\/div><\/div><div class=\"progress\"><div class=\"bar-outer\"><div class='bar' data-progress='80'><\/div><\/div><\/div><\/div><\/div><br \/>\n<div  class='avia-button-wrap av-k28w0eon-bfcea5a2fb231292cdf0ffe434e6f111-wrap avia-button-left  avia-builder-el-5  el_after_av_progress  avia-builder-el-last ' ><a href='http:\/\/tomil.de\/fotoshopwp\/kontakt-2\/'  class='avia-button av-k28w0eon-bfcea5a2fb231292cdf0ffe434e6f111 avia-icon_select-no avia-size-small avia-position-left avia-color-theme-color'  target=\"_blank\"  rel=\"noopener noreferrer\"><span class='avia_iconbox_title' >Anfrage<\/span><\/a><\/div><\/p><\/div>\n\n<style type=\"text\/css\" data-created_by=\"avia_inline_auto\" id=\"style-css-av-143eh-fb1f7bd0ea29f5d7bfc55003a038e2f5\">\n.flex_column.av-143eh-fb1f7bd0ea29f5d7bfc55003a038e2f5{\n-webkit-border-radius:0px 0px 0px 0px;\n-moz-border-radius:0px 0px 0px 0px;\nborder-radius:0px 0px 0px 0px;\n}\n<\/style>\n<div class='flex_column av-143eh-fb1f7bd0ea29f5d7bfc55003a038e2f5 av_one_full  avia-builder-el-6  el_after_av_one_third  el_before_av_hr  first flex_column_div av-zero-column-padding column-top-margin'     ><section  class='av_textblock_section av-k1uji67x-b71eccc3db8f7adb60b2601b0f0d9464'  itemscope=\"itemscope\" itemtype=\"https:\/\/schema.org\/CreativeWork\" ><div class='avia_textblock'  itemprop=\"text\" ><p>[multicolumn]<strong>Treppenhaus L\u00f6wengeb\u00e4ude<\/strong><br \/>\nUniversit\u00e4tsplatz 11<\/p>\n<p>Das auf dem ehemaligen Gel\u00e4nde des Barf\u00fc\u00dferklosters anstelle der Klosterkirche errichtete Universit\u00e4tshauptgeb\u00e4ude wurde nach einer langen und schwierigen Planungsphase nach Entw\u00fcrfen von Ernst Friedrich Zwirner (1802 \u2013 1861) und Wilhelm Heinrich Matthias errichtet. Leere Baukassen lie\u00dfen das urspr\u00fcnglich von Seitenfl\u00fcgeln zu flankierende Geb\u00e4ude als unfertigen Torso zur\u00fcck. Auf Grund seiner Erscheinung wurde es von Zeitgenossen als \u201eKaffeem\u00fchle\u201d bezeichnet.<br \/>\nDie Innenansicht gibt den Blick auf das gro\u00dfz\u00fcgige, dreil\u00e4ufige Treppenhaus mit zweigeschossigen Galerien frei, welches in seiner farbigen Ausgestaltung auf 1883 \u2013 1888 zur\u00fcckgeht.<br \/>\nDer umlaufende Bildfries geh\u00f6rt zu den Hauptwerken des Historienmalers Gustav Adolf Spangenberg (1828 \u2013 1891). Die allegorischen weiblichen Gestalten der vier Fakult\u00e4ten (Jura,<br \/>\nPhilosophie, Theologie, Medizin) werden von Szenen aus der Bibel und der antiken Mythologie, die sich auf die entsprechenden Wissenschaften beziehen, flankiert. Bedeutende hallesche Vertreter der Fakult\u00e4ten sind in monochromer Malerei ausgef\u00fchrt.<br \/>\nIn den Nischen des in einer korinthischen Kolonnade zum Treppenhaus hin ge\u00f6ffneten S\u00e4ulenganges des ersten Obergeschosses stehen, einer Gelehrtengalerie gleich, B\u00fcsten hallescher Geistesgr\u00f6\u00dfen, hier im Bild die B\u00fcste des Mediziners Peter Krukenberg (1787 \u2013 1865).<br \/>\n[\/multicolumn]<\/p>\n<\/div><\/section><\/div>\n<div  class='hr av-av_hr-23b3846cdd0fbd0e234720a594f6db24 hr-default  avia-builder-el-8  el_after_av_one_full  el_before_av_textblock '><span class='hr-inner '><span class=\"hr-inner-style\"><\/span><\/span><\/div>\n<section  class='av_textblock_section av-kmrwuequ-caa04fb75d6e0f07d6c37610e250cf3b'  itemscope=\"itemscope\" itemtype=\"https:\/\/schema.org\/CreativeWork\" ><div class='avia_textblock'  itemprop=\"text\" ><div id=\"s201_slides-10-1\" class=\"s201_slides s201_slides-10 s201_full_width\" style=\"max-width:600px\" data-s201=\"{&quot;vertical&quot;:0,&quot;sliding_behavior&quot;:&quot;drag&quot;,&quot;auto_slide&quot;:true,&quot;slide_speed&quot;:6000,&quot;slide_delay&quot;:500}\">\r\n\t\t<div class=\"s201_holder s201_slide_active\" data-part=\"holder\">\r\n\t\t\t<img decoding=\"async\" src=\"https:\/\/tomil.de\/fotoshopwp\/wp-content\/uploads\/2021\/03\/after-11.jpg\" srcset=\"https:\/\/tomil.de\/fotoshopwp\/wp-content\/uploads\/2021\/03\/after-11-215x300.jpg 215w, https:\/\/tomil.de\/fotoshopwp\/wp-content\/uploads\/2021\/03\/after-11-737x1030.jpg 737w, https:\/\/tomil.de\/fotoshopwp\/wp-content\/uploads\/2021\/03\/after-11-1099x1536.jpg 1099w, https:\/\/tomil.de\/fotoshopwp\/wp-content\/uploads\/2021\/03\/after-11-1073x1500.jpg 1073w, https:\/\/tomil.de\/fotoshopwp\/wp-content\/uploads\/2021\/03\/after-11-505x705.jpg 505w, https:\/\/tomil.de\/fotoshopwp\/wp-content\/uploads\/2021\/03\/after-11-600x838.jpg 600w, https:\/\/tomil.de\/fotoshopwp\/wp-content\/uploads\/2021\/03\/after-11.jpg 1374w\" sizes=\"(max-width: 1374px) 100vw, 1374px\" alt=\"2018\" class=\"s201_img_holder s201_noselect\"\/><div class=\"s201_item_img s201_noselect\"><div class=\"s201_overlay_img\" style=\"background-image:url('https:\/\/tomil.de\/fotoshopwp\/wp-content\/uploads\/2021\/03\/after-11.jpg')\"><img decoding=\"async\" src=\"https:\/\/tomil.de\/fotoshopwp\/wp-content\/uploads\/2021\/03\/after-11.jpg\" srcset=\"https:\/\/tomil.de\/fotoshopwp\/wp-content\/uploads\/2021\/03\/after-11-215x300.jpg 215w, https:\/\/tomil.de\/fotoshopwp\/wp-content\/uploads\/2021\/03\/after-11-737x1030.jpg 737w, https:\/\/tomil.de\/fotoshopwp\/wp-content\/uploads\/2021\/03\/after-11-1099x1536.jpg 1099w, https:\/\/tomil.de\/fotoshopwp\/wp-content\/uploads\/2021\/03\/after-11-1073x1500.jpg 1073w, https:\/\/tomil.de\/fotoshopwp\/wp-content\/uploads\/2021\/03\/after-11-505x705.jpg 505w, https:\/\/tomil.de\/fotoshopwp\/wp-content\/uploads\/2021\/03\/after-11-600x838.jpg 600w, https:\/\/tomil.de\/fotoshopwp\/wp-content\/uploads\/2021\/03\/after-11.jpg 1374w\" sizes=\"(max-width: 1374px) 100vw, 1374px\" alt=\"2018\" class=\"s201_noselect\"\/><\/div><div class=\"s201_label_text s201_noselect s201_always_show\" data-part=\"label\">2018<\/div><\/div><div class=\"s201_item_img s201_noselect\" style=\"width:50%;\"><div class=\"s201_overlay_img\" style=\"background-image:url('https:\/\/tomil.de\/fotoshopwp\/wp-content\/uploads\/2021\/03\/before-11.jpg')\"><img decoding=\"async\" src=\"https:\/\/tomil.de\/fotoshopwp\/wp-content\/uploads\/2021\/03\/before-11.jpg\" srcset=\"https:\/\/tomil.de\/fotoshopwp\/wp-content\/uploads\/2021\/03\/before-11-215x300.jpg 215w, https:\/\/tomil.de\/fotoshopwp\/wp-content\/uploads\/2021\/03\/before-11-737x1030.jpg 737w, https:\/\/tomil.de\/fotoshopwp\/wp-content\/uploads\/2021\/03\/before-11-1099x1536.jpg 1099w, https:\/\/tomil.de\/fotoshopwp\/wp-content\/uploads\/2021\/03\/before-11-1073x1500.jpg 1073w, https:\/\/tomil.de\/fotoshopwp\/wp-content\/uploads\/2021\/03\/before-11-505x705.jpg 505w, https:\/\/tomil.de\/fotoshopwp\/wp-content\/uploads\/2021\/03\/before-11-600x838.jpg 600w, https:\/\/tomil.de\/fotoshopwp\/wp-content\/uploads\/2021\/03\/before-11.jpg 1374w\" sizes=\"(max-width: 1374px) 100vw, 1374px\" alt=\"1891\" class=\"s201_noselect\"\/><\/div><div class=\"s201_label_text s201_noselect s201_always_show\" data-part=\"label\">1891<\/div>\r\n\t\t\t\t\t\t\t<div class=\"s201_slider s201_style_1\" style=\"top:50%;\"><div class=\"s201_top_line\"><\/div><div class=\"s201_handle\"><div class=\"s201_left_arrow\"><\/div><div class=\"s201_right_arrow\"><\/div><\/div><div class=\"s201_bottom_line\"><\/div><\/div>\r\n\t\t\t\t\t\t<\/div>\t\t\t\t\t<\/div>\r\n\t\t<\/div>\n<\/div><\/section>\n ","protected":false},"excerpt":{"rendered":"","protected":false},"author":1,"featured_media":0,"parent":0,"menu_order":0,"comment_status":"closed","ping_status":"closed","template":"template-blank.php","meta":{"jetpack_post_was_ever_published":false,"footnotes":""},"aioseo_notices":[],"jetpack_sharing_enabled":false,"jetpack_shortlink":"https:\/\/wp.me\/Pb03Dh-mT","_links":{"self":[{"href":"https:\/\/tomil.de\/fotoshopwp\/wp-json\/wp\/v2\/pages\/1419"}],"collection":[{"href":"https:\/\/tomil.de\/fotoshopwp\/wp-json\/wp\/v2\/pages"}],"about":[{"href":"https:\/\/tomil.de\/fotoshopwp\/wp-json\/wp\/v2\/types\/page"}],"author":[{"embeddable":true,"href":"https:\/\/tomil.de\/fotoshopwp\/wp-json\/wp\/v2\/users\/1"}],"replies":[{"embeddable":true,"href":"https:\/\/tomil.de\/fotoshopwp\/wp-json\/wp\/v2\/comments?post=1419"}],"version-history":[{"count":1,"href":"https:\/\/tomil.de\/fotoshopwp\/wp-json\/wp\/v2\/pages\/1419\/revisions"}],"predecessor-version":[{"id":1425,"href":"https:\/\/tomil.de\/fotoshopwp\/wp-json\/wp\/v2\/pages\/1419\/revisions\/1425"}],"wp:attachment":[{"href":"https:\/\/tomil.de\/fotoshopwp\/wp-json\/wp\/v2\/media?parent=1419"}],"curies":[{"name":"wp","href":"https:\/\/api.w.org\/{rel}","templated":true}]}}