{"id":1443,"date":"2021-03-27T17:18:11","date_gmt":"2021-03-27T16:18:11","guid":{"rendered":"https:\/\/tomil.de\/fotoshopwp\/?page_id=1443"},"modified":"2021-03-27T17:18:12","modified_gmt":"2021-03-27T16:18:12","slug":"universitatsplatz-mit-lowengebaude1","status":"publish","type":"page","link":"https:\/\/tomil.de\/fotoshopwp\/universitatsplatz-mit-lowengebaude1\/","title":{"rendered":"Universit\u00e4tsplatz mit L\u00f6wengeb\u00e4ude"},"content":{"rendered":"\n<style type=\"text\/css\" data-created_by=\"avia_inline_auto\" id=\"style-css-av-k1ufzph2-6327953b57b3f01d1be9ed4457e27d47\">\n.flex_column.av-k1ufzph2-6327953b57b3f01d1be9ed4457e27d47{\n-webkit-border-radius:0px 0px 0px 0px;\n-moz-border-radius:0px 0px 0px 0px;\nborder-radius:0px 0px 0px 0px;\n}\n<\/style>\n<div class='flex_column av-k1ufzph2-6327953b57b3f01d1be9ed4457e27d47 av_two_third  avia-builder-el-0  el_before_av_one_third  avia-builder-el-first  first flex_column_div av-zero-column-padding '     ><style type=\"text\/css\" data-created_by=\"avia_inline_auto\" id=\"style-css-av-k1ugbf79-2d3140e25a1ffac63570ed447caf815b\">\n.avia-image-container.av-k1ugbf79-2d3140e25a1ffac63570ed447caf815b img.avia_image{\nbox-shadow:none;\n}\n.avia-image-container.av-k1ugbf79-2d3140e25a1ffac63570ed447caf815b .av-image-caption-overlay-center{\ncolor:#ffffff;\n}\n<\/style>\n<div  class='avia-image-container av-k1ugbf79-2d3140e25a1ffac63570ed447caf815b av-styling- avia-align-left  avia-builder-el-1  avia-builder-el-no-sibling '   itemprop=\"image\" itemscope=\"itemscope\" itemtype=\"https:\/\/schema.org\/ImageObject\" ><div class=\"avia-image-container-inner\"><div class=\"avia-image-overlay-wrap\"><img decoding=\"async\" class='wp-image-886 avia-img-lazy-loading-not-886 avia_image ' src=\"https:\/\/tomil.de\/fotoshopwp\/wp-content\/uploads\/2019\/10\/UAHW-Rep.40-III-Nr-9-Bearbeitet-1.jpg\" alt='' title='Universit\u00e4tsplatz mit L\u00f6wengeb\u00e4ude - Universit\u00e4tsplatz 11'  height=\"554\" width=\"800\"  itemprop=\"thumbnailUrl\" srcset=\"https:\/\/tomil.de\/fotoshopwp\/wp-content\/uploads\/2019\/10\/UAHW-Rep.40-III-Nr-9-Bearbeitet-1.jpg 800w, https:\/\/tomil.de\/fotoshopwp\/wp-content\/uploads\/2019\/10\/UAHW-Rep.40-III-Nr-9-Bearbeitet-1-600x416.jpg 600w, https:\/\/tomil.de\/fotoshopwp\/wp-content\/uploads\/2019\/10\/UAHW-Rep.40-III-Nr-9-Bearbeitet-1-300x208.jpg 300w, https:\/\/tomil.de\/fotoshopwp\/wp-content\/uploads\/2019\/10\/UAHW-Rep.40-III-Nr-9-Bearbeitet-1-705x488.jpg 705w\" sizes=\"(max-width: 800px) 100vw, 800px\" \/><\/div><\/div><\/div><\/div>\n\n<style type=\"text\/css\" data-created_by=\"avia_inline_auto\" id=\"style-css-av-l9idd-88a30af2fe9199df6d380d2eb7315b6c\">\n.flex_column.av-l9idd-88a30af2fe9199df6d380d2eb7315b6c{\n-webkit-border-radius:0px 0px 0px 0px;\n-moz-border-radius:0px 0px 0px 0px;\nborder-radius:0px 0px 0px 0px;\n}\n<\/style>\n<div class='flex_column av-l9idd-88a30af2fe9199df6d380d2eb7315b6c av_one_third  avia-builder-el-2  el_after_av_two_third  el_before_av_one_full  flex_column_div av-zero-column-padding '     ><p><section  class='av_textblock_section av-k1un2w6w-e5cc5df0edceb1bd9396a64d0df1004d'  itemscope=\"itemscope\" itemtype=\"https:\/\/schema.org\/CreativeWork\" ><div class='avia_textblock'  itemprop=\"text\" ><p><strong>Motivinformationen<\/strong><\/p>\n<p><strong>Titel: <\/strong>Universit\u00e4tsplatz mit L\u00f6wengeb\u00e4ude<\/p>\n<p>Standort 51\u00b0 29\u2019 11.346\u201d N, 11\u00b0 58\u2019 9.689\u201d O<br \/>\nSeit 1832 stetig erweiterter Campus<br \/>\nHistorische Aufnahme, Fotograf unbekannt , 1934<br \/>\nScan vom Foto 22 x 17 cm<br \/>\nUniversit\u00e4tsarchiv Halle-Wittenberg<br \/>\nSignatur: UAHW, Rep. 40\/III, Nr. 7<\/p>\n<p>eigene Aufnahme: 2019<\/p>\n<p><strong>Gr\u00f6\u00dfe des Druckes:<\/strong> 58 x 40 cm<\/p>\n<p><strong>Rahmung:<\/strong><\/p>\n<ul>\n<li>Nielsen C2 Alu strukturiert schwarz-matt<\/li>\n<li>Format 71 x 56 cm<\/li>\n<li><u>Glas entspiegelt und mit UV-Schutz<\/u><\/li>\n<li>Passepartoutmappe altwei\u00df<\/li>\n<\/ul>\n<p><strong>Auflage:<\/strong> 5<\/p>\n<\/div><\/section><br \/>\n\n<style type=\"text\/css\" data-created_by=\"avia_inline_auto\" id=\"style-css-av-k1up7k66-0955de8ca5cd1ec2bc21f8e00c2ca472\">\n.avia-progress-bar-container.av-k1up7k66-0955de8ca5cd1ec2bc21f8e00c2ca472 .progress{\nheight:10px;\n}\n<\/style>\n\n<style type=\"text\/css\" data-created_by=\"avia_inline_auto\" id=\"style-css-sub-av-k1up7k66-0955de8ca5cd1ec2bc21f8e00c2ca472\">\n#top .avia-progress-bar-container .avia-progress-bar.av-8m4zr-a027a11f90536c490584fc379d56bb5a .bar{\nwidth:80%;\n}\n<\/style>\n<div  class='avia-progress-bar-container av-k1up7k66-0955de8ca5cd1ec2bc21f8e00c2ca472 av-striped-bar av-animated-bar av-small-bar avia_animate_when_almost_visible  avia-builder-el-4  el_after_av_textblock  el_before_av_button '><div class='avia-progress-bar av-8m4zr-a027a11f90536c490584fc379d56bb5a icon-bar-yes theme-color-bar theme-color-bar icon-bar-yes'><div class=\"progressbar-title-wrap\"><div class='progressbar-icon'><span class='progressbar-char' aria-hidden='true' data-av_icon='\ue909' data-av_iconfont='entypo-fontello'><\/span><\/div><div class='progressbar-title'>Verf\u00fcgbar<\/div><\/div><div class=\"progress\"><div class=\"bar-outer\"><div class='bar' data-progress='80'><\/div><\/div><\/div><\/div><\/div><br \/>\n<div  class='avia-button-wrap av-k28w0eon-bfcea5a2fb231292cdf0ffe434e6f111-wrap avia-button-left  avia-builder-el-5  el_after_av_progress  avia-builder-el-last ' ><a href='http:\/\/tomil.de\/fotoshopwp\/kontakt-2\/'  class='avia-button av-k28w0eon-bfcea5a2fb231292cdf0ffe434e6f111 avia-icon_select-no avia-size-small avia-position-left avia-color-theme-color'  target=\"_blank\"  rel=\"noopener noreferrer\"><span class='avia_iconbox_title' >Anfrage<\/span><\/a><\/div><\/p><\/div>\n\n<style type=\"text\/css\" data-created_by=\"avia_inline_auto\" id=\"style-css-av-143eh-fb1f7bd0ea29f5d7bfc55003a038e2f5\">\n.flex_column.av-143eh-fb1f7bd0ea29f5d7bfc55003a038e2f5{\n-webkit-border-radius:0px 0px 0px 0px;\n-moz-border-radius:0px 0px 0px 0px;\nborder-radius:0px 0px 0px 0px;\n}\n<\/style>\n<div class='flex_column av-143eh-fb1f7bd0ea29f5d7bfc55003a038e2f5 av_one_full  avia-builder-el-6  el_after_av_one_third  el_before_av_hr  first flex_column_div av-zero-column-padding column-top-margin'     ><section  class='av_textblock_section av-k1uji67x-b71eccc3db8f7adb60b2601b0f0d9464'  itemscope=\"itemscope\" itemtype=\"https:\/\/schema.org\/CreativeWork\" ><div class='avia_textblock'  itemprop=\"text\" ><p>[multicolumn]<strong>Universit\u00e4tsplatz mit L\u00f6wengeb\u00e4ude<\/strong><br \/>\nUniversit\u00e4tsplatz 11<\/p>\n<p>Die Aufnahme er\u00f6ffnet den Blick aus dem 1. Obergeschoss des Rektoratsgeb\u00e4udes, das zwischen 1872 und 1874 anstelle der nicht genehmigten Seitenfl\u00fcgel des Hauptgeb\u00e4udes der<br \/>\nUniversit\u00e4t entstand. In den Bildvordergrund ragt der Portikus des Melanchthonianums, welches 1902 anl\u00e4sslich der 400-Jahrfeier der Gr\u00fcndung der Leucorea Wittenberg als Auditorien-<br \/>\nund Seminargeb\u00e4ude errichtet wurde.<br \/>\nDas 2002 zum 500-j\u00e4hrigen Gr\u00fcndungsjubil\u00e4um der Universit\u00e4t er\u00f6ffnete H\u00f6rsaalgeb\u00e4ude Audimax begrenzt den Campus nach S\u00fcdosten. Das Audimax nimmt die Topografie des Uniplatzes in sich auf. Im Inneren wird durch die Treppenanlage eine h\u00f6hengestaffelte Raumfolge erzielt, die dem terrassierten Campus mit seiner gro\u00dfen Freitreppe folgt. In der verglasten Geb\u00e4udefront spiegelt sich die Fassade des sp\u00e4tklassizistischen Hauptgeb\u00e4udes, das 1832 \u2013 1834 auf dem Areal des ehemaligen Franziskanerklosters nach Pl\u00e4nen von Ernst Friedrich Zwirner (1802 \u2013 1861) und Wilhelm Heinrich Matthias errichtet wurde.<br \/>\nIm Jahre 1868 wurden zwei L\u00f6wenplastiken von Johann Gottfried Shadow (1764 \u2013 1850) vor dem Geb\u00e4ude aufgestellt. Diese flankieren das Hauptportal und geben dem L\u00f6wengeb\u00e4ude seinen Namen.<br \/>\n[\/multicolumn]<\/p>\n<\/div><\/section><\/div>\n<div  class='hr av-av_hr-23b3846cdd0fbd0e234720a594f6db24 hr-default  avia-builder-el-8  el_after_av_one_full  el_before_av_textblock '><span class='hr-inner '><span class=\"hr-inner-style\"><\/span><\/span><\/div>\n<section  class='av_textblock_section av-kmrxsyrq-f461a82811402b817adec7a9de036454'  itemscope=\"itemscope\" itemtype=\"https:\/\/schema.org\/CreativeWork\" ><div class='avia_textblock'  itemprop=\"text\" ><div id=\"s201_slides-13-1\" class=\"s201_slides s201_slides-13\" data-s201=\"{&quot;vertical&quot;:0,&quot;sliding_behavior&quot;:&quot;drag&quot;,&quot;auto_slide&quot;:true,&quot;slide_speed&quot;:6000,&quot;slide_delay&quot;:500}\">\r\n\t\t<div class=\"s201_holder s201_slide_active\" data-part=\"holder\">\r\n\t\t\t<img decoding=\"async\" src=\"https:\/\/tomil.de\/fotoshopwp\/wp-content\/uploads\/2021\/03\/after-14.jpg\" srcset=\"https:\/\/tomil.de\/fotoshopwp\/wp-content\/uploads\/2021\/03\/after-14-300x204.jpg 300w, https:\/\/tomil.de\/fotoshopwp\/wp-content\/uploads\/2021\/03\/after-14-1030x701.jpg 1030w, https:\/\/tomil.de\/fotoshopwp\/wp-content\/uploads\/2021\/03\/after-14-1536x1046.jpg 1536w, https:\/\/tomil.de\/fotoshopwp\/wp-content\/uploads\/2021\/03\/after-14-1500x1021.jpg 1500w, https:\/\/tomil.de\/fotoshopwp\/wp-content\/uploads\/2021\/03\/after-14-705x480.jpg 705w, https:\/\/tomil.de\/fotoshopwp\/wp-content\/uploads\/2021\/03\/after-14-600x408.jpg 600w, https:\/\/tomil.de\/fotoshopwp\/wp-content\/uploads\/2021\/03\/after-14.jpg 1920w\" sizes=\"(max-width: 1920px) 100vw, 1920px\" alt=\"2019\" class=\"s201_img_holder s201_noselect\"\/><div class=\"s201_item_img s201_noselect\"><div class=\"s201_overlay_img\" style=\"background-image:url('https:\/\/tomil.de\/fotoshopwp\/wp-content\/uploads\/2021\/03\/after-14.jpg')\"><img decoding=\"async\" src=\"https:\/\/tomil.de\/fotoshopwp\/wp-content\/uploads\/2021\/03\/after-14.jpg\" srcset=\"https:\/\/tomil.de\/fotoshopwp\/wp-content\/uploads\/2021\/03\/after-14-300x204.jpg 300w, https:\/\/tomil.de\/fotoshopwp\/wp-content\/uploads\/2021\/03\/after-14-1030x701.jpg 1030w, https:\/\/tomil.de\/fotoshopwp\/wp-content\/uploads\/2021\/03\/after-14-1536x1046.jpg 1536w, https:\/\/tomil.de\/fotoshopwp\/wp-content\/uploads\/2021\/03\/after-14-1500x1021.jpg 1500w, https:\/\/tomil.de\/fotoshopwp\/wp-content\/uploads\/2021\/03\/after-14-705x480.jpg 705w, https:\/\/tomil.de\/fotoshopwp\/wp-content\/uploads\/2021\/03\/after-14-600x408.jpg 600w, https:\/\/tomil.de\/fotoshopwp\/wp-content\/uploads\/2021\/03\/after-14.jpg 1920w\" sizes=\"(max-width: 1920px) 100vw, 1920px\" alt=\"2019\" class=\"s201_noselect\"\/><\/div><div class=\"s201_label_text s201_noselect s201_always_show\" data-part=\"label\">2019<\/div><\/div><div class=\"s201_item_img s201_noselect\" style=\"width:50%;\"><div class=\"s201_overlay_img\" style=\"background-image:url('https:\/\/tomil.de\/fotoshopwp\/wp-content\/uploads\/2021\/03\/before-14.jpg')\"><img decoding=\"async\" src=\"https:\/\/tomil.de\/fotoshopwp\/wp-content\/uploads\/2021\/03\/before-14.jpg\" srcset=\"https:\/\/tomil.de\/fotoshopwp\/wp-content\/uploads\/2021\/03\/before-14-300x204.jpg 300w, https:\/\/tomil.de\/fotoshopwp\/wp-content\/uploads\/2021\/03\/before-14-1030x701.jpg 1030w, https:\/\/tomil.de\/fotoshopwp\/wp-content\/uploads\/2021\/03\/before-14-1536x1046.jpg 1536w, https:\/\/tomil.de\/fotoshopwp\/wp-content\/uploads\/2021\/03\/before-14-1500x1021.jpg 1500w, https:\/\/tomil.de\/fotoshopwp\/wp-content\/uploads\/2021\/03\/before-14-705x480.jpg 705w, https:\/\/tomil.de\/fotoshopwp\/wp-content\/uploads\/2021\/03\/before-14-600x408.jpg 600w, https:\/\/tomil.de\/fotoshopwp\/wp-content\/uploads\/2021\/03\/before-14.jpg 1920w\" sizes=\"(max-width: 1920px) 100vw, 1920px\" alt=\"1934\" class=\"s201_noselect\"\/><\/div><div class=\"s201_label_text s201_noselect s201_always_show\" data-part=\"label\">1934<\/div>\r\n\t\t\t\t\t\t\t<div class=\"s201_slider s201_style_1\" style=\"top:50%;\"><div class=\"s201_top_line\"><\/div><div class=\"s201_handle\"><div class=\"s201_left_arrow\"><\/div><div class=\"s201_right_arrow\"><\/div><\/div><div class=\"s201_bottom_line\"><\/div><\/div>\r\n\t\t\t\t\t\t<\/div>\t\t\t\t\t<\/div>\r\n\t\t<\/div>\n<\/div><\/section>\n ","protected":false},"excerpt":{"rendered":"","protected":false},"author":1,"featured_media":0,"parent":0,"menu_order":0,"comment_status":"closed","ping_status":"closed","template":"template-blank.php","meta":{"jetpack_post_was_ever_published":false,"footnotes":""},"aioseo_notices":[],"jetpack_sharing_enabled":false,"jetpack_shortlink":"https:\/\/wp.me\/Pb03Dh-nh","_links":{"self":[{"href":"https:\/\/tomil.de\/fotoshopwp\/wp-json\/wp\/v2\/pages\/1443"}],"collection":[{"href":"https:\/\/tomil.de\/fotoshopwp\/wp-json\/wp\/v2\/pages"}],"about":[{"href":"https:\/\/tomil.de\/fotoshopwp\/wp-json\/wp\/v2\/types\/page"}],"author":[{"embeddable":true,"href":"https:\/\/tomil.de\/fotoshopwp\/wp-json\/wp\/v2\/users\/1"}],"replies":[{"embeddable":true,"href":"https:\/\/tomil.de\/fotoshopwp\/wp-json\/wp\/v2\/comments?post=1443"}],"version-history":[{"count":2,"href":"https:\/\/tomil.de\/fotoshopwp\/wp-json\/wp\/v2\/pages\/1443\/revisions"}],"predecessor-version":[{"id":1450,"href":"https:\/\/tomil.de\/fotoshopwp\/wp-json\/wp\/v2\/pages\/1443\/revisions\/1450"}],"wp:attachment":[{"href":"https:\/\/tomil.de\/fotoshopwp\/wp-json\/wp\/v2\/media?parent=1443"}],"curies":[{"name":"wp","href":"https:\/\/api.w.org\/{rel}","templated":true}]}}